{"id":655,"date":"2026-04-14T10:17:18","date_gmt":"2026-04-14T13:17:18","guid":{"rendered":"https:\/\/cmaralmoreira.ms.gov.br\/?page_id=655"},"modified":"2026-04-14T10:28:51","modified_gmt":"2026-04-14T13:28:51","slug":"sessoes-de-2026","status":"publish","type":"page","link":"https:\/\/cmaralmoreira.ms.gov.br\/?page_id=655","title":{"rendered":"Sess\u00f5es de 2026"},"content":{"rendered":"\n<p>Links para todas as sess\u00f5es do ano de 2026. <br>Os v\u00eddeos est\u00e3o hospedados no site youtube.com  <br><\/p>\n\n\n\n<p><a href=\"https:\/\/youtube.com\/live\/q7AMPF6_nh0?feature=share\" target=\"_blank\" rel=\"noreferrer noopener\">Sess\u00e3o Ordin\u00e1ria 13\/04\/2026<\/a><\/p>\n\n\n\n<p><a href=\"https:\/\/youtube.com\/live\/oorsIEXOKXo?feature=share\" target=\"_blank\" rel=\"noreferrer noopener\">Sess\u00e3o Ordin\u00e1ria 06\/04\/2026<\/a><\/p>\n\n\n\n<p><a href=\"https:\/\/youtube.com\/live\/EIo8YLc9XqE?feature=share\" target=\"_blank\" rel=\"noreferrer noopener\">Sess\u00e3o Ordin\u00e1ria 30\/03\/2026<\/a><\/p>\n\n\n\n<p><a href=\"https:\/\/youtube.com\/live\/37oWizcIq3c?feature=share\" target=\"_blank\" rel=\"noreferrer noopener\">Sess\u00e3o Ordin\u00e1ria 16\/03\/2026<\/a><\/p>\n\n\n\n<p><a href=\"https:\/\/youtube.com\/live\/CThOCeT7cmI?feature=share\" target=\"_blank\" rel=\"noreferrer noopener\">Sess\u00e3o Ordin\u00e1ria 09\/03\/2026<\/a><\/p>\n\n\n\n<p><a href=\"https:\/\/youtube.com\/live\/aSZXzf7HyLo?feature=share\" target=\"_blank\" rel=\"noreferrer noopener\">Sess\u00e3o Ordin\u00e1ria 23\/02\/2026<\/a><\/p>\n\n\n\n<p><\/p>\n","protected":false},"excerpt":{"rendered":"<p>Links para todas as sess\u00f5es do ano de 2026. Os v\u00eddeos est\u00e3o hospedados no site youtube.com Sess\u00e3o Ordin\u00e1ria 13\/04\/2026 Sess\u00e3o Ordin\u00e1ria 06\/04\/2026 Sess\u00e3o Ordin\u00e1ria 30\/03\/2026 Sess\u00e3o Ordin\u00e1ria 16\/03\/2026 Sess\u00e3o Ordin\u00e1ria 09\/03\/2026 Sess\u00e3o Ordin\u00e1ria 23\/02\/2026<\/p>\n","protected":false},"author":1,"featured_media":0,"parent":0,"menu_order":0,"comment_status":"closed","ping_status":"closed","template":"","meta":{"footnotes":""},"class_list":["post-655","page","type-page","status-publish","hentry","nodate","item-wrap"],"_links":{"self":[{"href":"https:\/\/cmaralmoreira.ms.gov.br\/index.php?rest_route=\/wp\/v2\/pages\/655","targetHints":{"allow":["GET"]}}],"collection":[{"href":"https:\/\/cmaralmoreira.ms.gov.br\/index.php?rest_route=\/wp\/v2\/pages"}],"about":[{"href":"https:\/\/cmaralmoreira.ms.gov.br\/index.php?rest_route=\/wp\/v2\/types\/page"}],"author":[{"embeddable":true,"href":"https:\/\/cmaralmoreira.ms.gov.br\/index.php?rest_route=\/wp\/v2\/users\/1"}],"replies":[{"embeddable":true,"href":"https:\/\/cmaralmoreira.ms.gov.br\/index.php?rest_route=%2Fwp%2Fv2%2Fcomments&post=655"}],"version-history":[{"count":6,"href":"https:\/\/cmaralmoreira.ms.gov.br\/index.php?rest_route=\/wp\/v2\/pages\/655\/revisions"}],"predecessor-version":[{"id":666,"href":"https:\/\/cmaralmoreira.ms.gov.br\/index.php?rest_route=\/wp\/v2\/pages\/655\/revisions\/666"}],"wp:attachment":[{"href":"https:\/\/cmaralmoreira.ms.gov.br\/index.php?rest_route=%2Fwp%2Fv2%2Fmedia&parent=655"}],"curies":[{"name":"wp","href":"https:\/\/api.w.org\/{rel}","templated":true}]}}